{"id":93,"date":"2025-06-26T22:14:34","date_gmt":"2025-06-26T20:14:34","guid":{"rendered":"https:\/\/carbonesis.fr\/?page_id=93"},"modified":"2025-07-31T17:35:09","modified_gmt":"2025-07-31T15:35:09","slug":"carbonesis","status":"publish","type":"page","link":"https:\/\/carbonesis.fr\/index.php\/carbonesis\/","title":{"rendered":"Carbonesis\u00ae"},"content":{"rendered":"\n<figure class=\"wp-block-image size-full\"><img loading=\"lazy\" decoding=\"async\" width=\"347\" height=\"292\" src=\"http:\/\/carbonesis.fr\/wp-content\/uploads\/2025\/06\/logo.png\" alt=\"\" class=\"wp-image-88\" srcset=\"https:\/\/carbonesis.fr\/wp-content\/uploads\/2025\/06\/logo.png 347w, https:\/\/carbonesis.fr\/wp-content\/uploads\/2025\/06\/logo-300x252.png 300w\" sizes=\"auto, (max-width: 347px) 100vw, 347px\" \/><\/figure>\n\n\n\n<div class=\"wp-block-group alignfull has-accent-background-color has-background\" style=\"margin-top:0;margin-bottom:0;padding-top:var(--wp--preset--spacing--50);padding-right:var(--wp--preset--spacing--50);padding-bottom:var(--wp--preset--spacing--50);padding-left:var(--wp--preset--spacing--50)\"><div class=\"wp-block-group__inner-container is-layout-constrained wp-container-core-group-is-layout-2bafd31c wp-block-group-is-layout-constrained\">\n<div>\n<div class=\"wp-block-columns alignwide is-layout-flex wp-container-core-columns-is-layout-4d397ad4 wp-block-columns-is-layout-flex\">\n<div class=\"wp-block-column is-vertically-aligned-stretch is-layout-flow wp-block-column-is-layout-flow\" style=\"flex-basis:50%\">\n<div class=\"wp-block-group is-vertical is-content-justification-stretch is-layout-flex wp-container-core-group-is-layout-d9786264 wp-block-group-is-layout-flex\" style=\"min-height:100%\">\nCarbonesis est une soci\u00e9t\u00e9 par actions simplifi\u00e9e \u00e0 mission, cr\u00e9\u00e9e en 2025 en Normandie et qui produit du charbon actif biosourc\u00e9, \u00e0 partir de bois fran\u00e7ais, selon un proc\u00e9d\u00e9 physico-thermique respectueux des normes sanitaires et environnementales europ\u00e9ennes.<\/p>\n\n\n\nNotre raison d\u2019\u00eatre, inscrite dans nos statuts conform\u00e9ment \u00e0 la loi 2019\u2011486 du 22 mai 2019 (dite loi PACTE), est la suivante :<\/p>\n\n\n\n<p class=\"has-large-font-size\"><strong>Contribuer activement \u00e0 un monde sans polluants persistants, en d\u00e9veloppant des mat\u00e9riaux adsorbants biosourc\u00e9s de haute performance issus d\u2019une biomasse fran\u00e7aise, et en r\u00e9industrialisant durablement les territoires ruraux.<\/strong><\/p>\n\n\n\n<figure class=\"wp-block-image size-full is-style-default\"><img loading=\"lazy\" decoding=\"async\" width=\"2048\" height=\"1536\" src=\"https:\/\/carbonesis.fr\/wp-content\/uploads\/2025\/06\/arbres.png\" alt=\"\" class=\"wp-image-95\" style=\"aspect-ratio:3\/4;object-fit:cover\" srcset=\"https:\/\/carbonesis.fr\/wp-content\/uploads\/2025\/06\/arbres.png 2048w, https:\/\/carbonesis.fr\/wp-content\/uploads\/2025\/06\/arbres-300x225.png 300w, https:\/\/carbonesis.fr\/wp-content\/uploads\/2025\/06\/arbres-1024x768.png 1024w, https:\/\/carbonesis.fr\/wp-content\/uploads\/2025\/06\/arbres-768x576.png 768w, https:\/\/carbonesis.fr\/wp-content\/uploads\/2025\/06\/arbres-1536x1152.png 1536w\" sizes=\"auto, (max-width: 2048px) 100vw, 2048px\" \/><\/figure>\n\n\n\n<p class=\"has-large-font-size\"><br><br><strong>R\u00e9inventer une pr\u00e9sence industrielle discr\u00e8te, int\u00e9gr\u00e9e, respectueuse du vivant et des paysages.\u00bb<\/strong><\/p>\n\n\n\n<p class=\"has-large-font-size\"><\/p>\n\n\n\n<p style=\"text-align: justify;\">Dans ce cadre, <strong>Carbonesis&reg; s\u2019engage \u00e0 inscrire son d\u00e9veloppement industriel dans une logique de sobri\u00e9t\u00e9 territoriale<\/strong> et de respect des \u00e9cosyst\u00e8mes.<\/p>\n\n\n\n<p style=\"text-align: justify;\">L&rsquo;implantation du site pilote tiendra compte des contraintes paysag\u00e8res et \u00e9cologiques locales. Une <strong>v\u00e9g\u00e9talisation partielle du foncier<\/strong> sera mise en \u0153uvre d\u00e8s la phase de conception, afin de <strong>r\u00e9duire l\u2019impact visuel<\/strong>, <strong>pr\u00e9server la qualit\u00e9 environnementale<\/strong> du site et <strong>favoriser la biodiversit\u00e9<\/strong>.<\/p>\n\n\n\n<p style=\"text-align: justify;\">Ces engagements sont suivis dans le cadre d\u2019une gouvernance sp\u00e9cifique, sous la responsabilit\u00e9 d\u2019un <strong>comit\u00e9 de mission ind\u00e9pendant<\/strong>, conform\u00e9ment aux articles <strong>L.210-10 \u00e0 L.210-12 du Code de commerce<\/strong>.<\/p>\n\n\n\n<p><\/p>\n\n\n\n<p style=\"line-height: 1.2; text-align: justify; font-size: var(--wp--preset--font-size--x-large); font-family: var(--wp--preset--font-family--heading);\">\nCarbonesis revendique un positionnement industriel clair, fond\u00e9 sur la souverainet\u00e9 des approvisionnements, la rigueur du proc\u00e9d\u00e9 et la transparence.\n<\/p>\n\n\n\n<div class=\"wp-block-group is-content-justification-left\"><div class=\"wp-block-group__inner-container is-layout-constrained wp-container-core-group-is-layout-ebdfa9d7 wp-block-group-is-layout-constrained\">\n<p class=\"wp-container-content-0733e5d0\"><\/p>\n<\/div><\/div>\n<\/div>\n<\/div>\n\n\n\n<div class=\"wp-block-column is-vertically-aligned-center is-layout-flow wp-block-column-is-layout-flow\" style=\"flex-basis:50%\"><\/div>\n<\/div>\n\n\n\n<img loading=\"lazy\" decoding=\"async\" width=\"1925\" height=\"1079\" class=\"gb-media-b0d70260\" alt=\"\" src=\"https:\/\/carbonesis.fr\/wp-content\/uploads\/2025\/07\/usine.jpg\" title=\"usine\" srcset=\"https:\/\/carbonesis.fr\/wp-content\/uploads\/2025\/07\/usine.jpg 1925w, https:\/\/carbonesis.fr\/wp-content\/uploads\/2025\/07\/usine-300x168.jpg 300w, https:\/\/carbonesis.fr\/wp-content\/uploads\/2025\/07\/usine-1024x574.jpg 1024w, https:\/\/carbonesis.fr\/wp-content\/uploads\/2025\/07\/usine-768x430.jpg 768w, https:\/\/carbonesis.fr\/wp-content\/uploads\/2025\/07\/usine-1536x861.jpg 1536w, https:\/\/carbonesis.fr\/wp-content\/uploads\/2025\/07\/usine-1568x879.jpg 1568w\" sizes=\"auto, (max-width: 1925px) 100vw, 1925px\" \/>\n<\/div>\n<\/div><\/div>\n\n\n\n<div class=\"wp-block-columns is-layout-flex wp-container-core-columns-is-layout-9d6595d7 wp-block-columns-is-layout-flex\">\n<div class=\"wp-block-column is-layout-flow wp-block-column-is-layout-flow\" style=\"flex-basis:100%\"><\/div>\n<\/div>\n\n\n\n<div class=\"wp-block-group alignfull\" style=\"margin-top:0;margin-bottom:0;padding-top:var(--wp--preset--spacing--50);padding-right:var(--wp--preset--spacing--50);padding-bottom:var(--wp--preset--spacing--50);padding-left:var(--wp--preset--spacing--50)\"><div class=\"wp-block-group__inner-container is-layout-constrained wp-container-core-group-is-layout-9cf8f26d wp-block-group-is-layout-constrained\">\n<p class=\"has-text-align-center has-contrast-2-color has-text-color has-link-color wp-elements-35667d31d442bce780454a1b193721ee\" style=\"border-style:none;border-width:0px;border-radius:0px;font-size:1.7rem\"><strong>Nous contacter<\/strong><br>pour toute demande d&rsquo;information concernant Carbonesis\u00ae, vous pouvez nous \u00e9crire \u00e0 : <br><strong>contact@carbonesis.fr<\/strong><\/p>\n<\/div><\/div>\n\n\n\n<p><\/p>\n","protected":false},"excerpt":{"rendered":"<p>Carbonesis est une soci\u00e9t\u00e9 par actions simplifi\u00e9e \u00e0 mission, cr\u00e9\u00e9e en 2025 en Normandie et qui produit du charbon actif biosourc\u00e9, \u00e0 partir de bois fran\u00e7ais, selon un proc\u00e9d\u00e9 physico-thermique respectueux des normes sanitaires et environnementales europ\u00e9ennes. Notre raison d\u2019\u00eatre, inscrite dans nos statuts conform\u00e9ment \u00e0 la loi 2019\u2011486 du 22 mai 2019 (dite loi&hellip; <a class=\"more-link\" href=\"https:\/\/carbonesis.fr\/index.php\/carbonesis\/\">Poursuivre la lecture <span class=\"screen-reader-text\">Carbonesis\u00ae<\/span><\/a><\/p>\n","protected":false},"author":1,"featured_media":0,"parent":0,"menu_order":0,"comment_status":"closed","ping_status":"closed","template":"","meta":{"footnotes":""},"class_list":["post-93","page","type-page","status-publish","hentry","entry"],"_links":{"self":[{"href":"https:\/\/carbonesis.fr\/index.php\/wp-json\/wp\/v2\/pages\/93","targetHints":{"allow":["GET"]}}],"collection":[{"href":"https:\/\/carbonesis.fr\/index.php\/wp-json\/wp\/v2\/pages"}],"about":[{"href":"https:\/\/carbonesis.fr\/index.php\/wp-json\/wp\/v2\/types\/page"}],"author":[{"embeddable":true,"href":"https:\/\/carbonesis.fr\/index.php\/wp-json\/wp\/v2\/users\/1"}],"replies":[{"embeddable":true,"href":"https:\/\/carbonesis.fr\/index.php\/wp-json\/wp\/v2\/comments?post=93"}],"version-history":[{"count":34,"href":"https:\/\/carbonesis.fr\/index.php\/wp-json\/wp\/v2\/pages\/93\/revisions"}],"predecessor-version":[{"id":443,"href":"https:\/\/carbonesis.fr\/index.php\/wp-json\/wp\/v2\/pages\/93\/revisions\/443"}],"wp:attachment":[{"href":"https:\/\/carbonesis.fr\/index.php\/wp-json\/wp\/v2\/media?parent=93"}],"curies":[{"name":"wp","href":"https:\/\/api.w.org\/{rel}","templated":true}]}}